{"id":2058,"date":"2025-08-26T13:55:43","date_gmt":"2025-08-26T13:55:43","guid":{"rendered":"https:\/\/seonet.codeyuzu.com\/evolvis\/?page_id=2058"},"modified":"2025-11-17T16:27:12","modified_gmt":"2025-11-17T16:27:12","slug":"blog","status":"publish","type":"page","link":"https:\/\/evolvis.ai\/en\/blog\/","title":{"rendered":"Blog"},"content":{"rendered":"<div data-elementor-type=\"wp-page\" data-elementor-id=\"2058\" class=\"elementor elementor-2058\" data-elementor-post-type=\"page\">\n\t\t\t\t<div class=\"elementor-element elementor-element-17d9bbf e-flex e-con-boxed wpr-particle-no wpr-jarallax-no wpr-parallax-no wpr-sticky-section-no e-con e-parent\" data-id=\"17d9bbf\" data-element_type=\"container\" data-settings=\"{&quot;background_background&quot;:&quot;classic&quot;}\">\n\t\t\t\t\t<div class=\"e-con-inner\">\n\t\t<div class=\"elementor-element elementor-element-be31001 e-con-full e-flex wpr-particle-no wpr-jarallax-no wpr-parallax-no wpr-sticky-section-no e-con e-child\" data-id=\"be31001\" data-element_type=\"container\">\n\t\t\t\t<div class=\"elementor-element elementor-element-ccd5d6e elementor-widget elementor-widget-heading\" data-id=\"ccd5d6e\" data-element_type=\"widget\" data-widget_type=\"heading.default\">\n\t\t\t\t<div class=\"elementor-widget-container\">\n\t\t\t\t\t<h1 class=\"elementor-heading-title elementor-size-default\"><span class=\"texto-gradiente\">Blog<\/span><\/h1>\t\t\t\t<\/div>\n\t\t\t\t<\/div>\n\t\t\t\t<\/div>\n\t\t<div class=\"elementor-element elementor-element-f728e7d e-con-full e-flex wpr-particle-no wpr-jarallax-no wpr-parallax-no wpr-sticky-section-no e-con e-child\" data-id=\"f728e7d\" data-element_type=\"container\">\n\t\t\t\t<div class=\"elementor-element elementor-element-67a2ee4 premium-floating-effects-yes elementor-widget elementor-widget-image\" data-id=\"67a2ee4\" data-element_type=\"widget\" data-settings=\"{&quot;premium_fe_translate_switcher&quot;:&quot;yes&quot;,&quot;premium_fe_Xtranslate&quot;:{&quot;unit&quot;:&quot;px&quot;,&quot;size&quot;:&quot;&quot;,&quot;sizes&quot;:{&quot;from&quot;:0,&quot;to&quot;:0}},&quot;premium_fe_Ytranslate&quot;:{&quot;unit&quot;:&quot;px&quot;,&quot;size&quot;:&quot;&quot;,&quot;sizes&quot;:{&quot;from&quot;:0,&quot;to&quot;:7}},&quot;motion_fx_motion_fx_mouse&quot;:&quot;yes&quot;,&quot;premium_fe_trans_duration&quot;:{&quot;unit&quot;:&quot;px&quot;,&quot;size&quot;:1000,&quot;sizes&quot;:[]},&quot;premium_fe_trans_delay&quot;:{&quot;unit&quot;:&quot;px&quot;,&quot;size&quot;:&quot;&quot;,&quot;sizes&quot;:[]},&quot;premium_fe_direction&quot;:&quot;alternate&quot;,&quot;premium_fe_loop&quot;:&quot;default&quot;,&quot;premium_fe_easing&quot;:&quot;easeInOutSine&quot;}\" data-widget_type=\"image.default\">\n\t\t\t\t<div class=\"elementor-widget-container\">\n\t\t\t\t\t\t\t\t\t\t\t\t\t\t\t<img fetchpriority=\"high\" decoding=\"async\" width=\"800\" height=\"705\" src=\"https:\/\/evolvis.ai\/wp-content\/uploads\/2025\/08\/evie-solutions-01.png\" class=\"attachment-large size-large wp-image-1698\" alt=\"\" srcset=\"https:\/\/evolvis.ai\/wp-content\/uploads\/2025\/08\/evie-solutions-01.png 909w, https:\/\/evolvis.ai\/wp-content\/uploads\/2025\/08\/evie-solutions-01-300x264.png 300w, https:\/\/evolvis.ai\/wp-content\/uploads\/2025\/08\/evie-solutions-01-768x677.png 768w\" sizes=\"(max-width: 800px) 100vw, 800px\" \/>\t\t\t\t\t\t\t\t\t\t\t\t\t\t\t<\/div>\n\t\t\t\t<\/div>\n\t\t\t\t<div class=\"elementor-element elementor-element-6335e3e premium-floating-effects-yes elementor-widget elementor-widget-image\" data-id=\"6335e3e\" data-element_type=\"widget\" data-settings=\"{&quot;premium_fe_scale_switcher&quot;:&quot;yes&quot;,&quot;premium_fe_Xscale&quot;:{&quot;unit&quot;:&quot;px&quot;,&quot;size&quot;:&quot;&quot;,&quot;sizes&quot;:{&quot;from&quot;:1,&quot;to&quot;:1.1}},&quot;premium_fe_Yscale&quot;:{&quot;unit&quot;:&quot;px&quot;,&quot;size&quot;:&quot;&quot;,&quot;sizes&quot;:{&quot;from&quot;:1,&quot;to&quot;:1.1}},&quot;premium_fe_scale_duration&quot;:{&quot;unit&quot;:&quot;px&quot;,&quot;size&quot;:1000,&quot;sizes&quot;:[]},&quot;premium_fe_scale_delay&quot;:{&quot;unit&quot;:&quot;px&quot;,&quot;size&quot;:&quot;&quot;,&quot;sizes&quot;:[]},&quot;premium_fe_direction&quot;:&quot;alternate&quot;,&quot;premium_fe_loop&quot;:&quot;default&quot;,&quot;premium_fe_easing&quot;:&quot;easeInOutSine&quot;}\" data-widget_type=\"image.default\">\n\t\t\t\t<div class=\"elementor-widget-container\">\n\t\t\t\t\t\t\t\t\t\t\t\t\t\t\t<img decoding=\"async\" width=\"413\" height=\"56\" src=\"https:\/\/evolvis.ai\/wp-content\/uploads\/2025\/08\/sombra-evie.png\" class=\"attachment-large size-large wp-image-1251\" alt=\"\" srcset=\"https:\/\/evolvis.ai\/wp-content\/uploads\/2025\/08\/sombra-evie.png 413w, https:\/\/evolvis.ai\/wp-content\/uploads\/2025\/08\/sombra-evie-300x41.png 300w\" sizes=\"(max-width: 413px) 100vw, 413px\" \/>\t\t\t\t\t\t\t\t\t\t\t\t\t\t\t<\/div>\n\t\t\t\t<\/div>\n\t\t\t\t<\/div>\n\t\t\t\t\t<\/div>\n\t\t\t\t<\/div>\n\t\t<div class=\"elementor-element elementor-element-a909ed1 e-flex e-con-boxed wpr-particle-no wpr-jarallax-no wpr-parallax-no wpr-sticky-section-no e-con e-parent\" data-id=\"a909ed1\" data-element_type=\"container\" data-settings=\"{&quot;background_background&quot;:&quot;classic&quot;}\">\n\t\t\t\t\t<div class=\"e-con-inner\">\n\t\t\t\t<div class=\"elementor-element elementor-element-b34b5d5 elementor-invisible elementor-widget elementor-widget-heading\" data-id=\"b34b5d5\" data-element_type=\"widget\" data-settings=\"{&quot;_animation&quot;:&quot;fadeInUp&quot;}\" data-widget_type=\"heading.default\">\n\t\t\t\t<div class=\"elementor-widget-container\">\n\t\t\t\t\t<h3 class=\"elementor-heading-title elementor-size-default\">  Know all the  <span style=\"color: #2B24E3\">news<\/span> \n<\/h3>\t\t\t\t<\/div>\n\t\t\t\t<\/div>\n\t\t\t\t<div class=\"elementor-element elementor-element-5dd1848 elementor-invisible elementor-widget elementor-widget-text-editor\" data-id=\"5dd1848\" data-element_type=\"widget\" data-settings=\"{&quot;_animation&quot;:&quot;fadeInUp&quot;,&quot;_animation_delay&quot;:500}\" data-widget_type=\"text-editor.default\">\n\t\t\t\t<div class=\"elementor-widget-container\">\n\t\t\t\t\t\t\t\t\t<p>Discover how Evie can transform your decisions<\/p>\t\t\t\t\t\t\t\t<\/div>\n\t\t\t\t<\/div>\n\t\t\t\t<div class=\"elementor-element elementor-element-52eae80 elementor-grid-3 elementor-grid-tablet-2 elementor-grid-mobile-1 elementor-posts--thumbnail-top elementor-card-shadow-yes elementor-posts__hover-gradient elementor-widget elementor-widget-posts\" data-id=\"52eae80\" data-element_type=\"widget\" data-settings=\"{&quot;cards_columns&quot;:&quot;3&quot;,&quot;cards_columns_tablet&quot;:&quot;2&quot;,&quot;cards_columns_mobile&quot;:&quot;1&quot;,&quot;cards_row_gap&quot;:{&quot;unit&quot;:&quot;px&quot;,&quot;size&quot;:35,&quot;sizes&quot;:[]},&quot;cards_row_gap_laptop&quot;:{&quot;unit&quot;:&quot;px&quot;,&quot;size&quot;:&quot;&quot;,&quot;sizes&quot;:[]},&quot;cards_row_gap_tablet&quot;:{&quot;unit&quot;:&quot;px&quot;,&quot;size&quot;:&quot;&quot;,&quot;sizes&quot;:[]},&quot;cards_row_gap_mobile&quot;:{&quot;unit&quot;:&quot;px&quot;,&quot;size&quot;:&quot;&quot;,&quot;sizes&quot;:[]}}\" data-widget_type=\"posts.cards\">\n\t\t\t\t<div class=\"elementor-widget-container\">\n\t\t\t\t\t\t\t<div class=\"elementor-posts-container elementor-posts elementor-posts--skin-cards elementor-grid\" role=\"list\">\n\t\t\t\t<article class=\"elementor-post elementor-grid-item post-2984 post type-post status-publish format-standard has-post-thumbnail hentry category-blog\" role=\"listitem\">\n\t\t\t<div class=\"elementor-post__card\">\n\t\t\t\t<a class=\"elementor-post__thumbnail__link\" href=\"https:\/\/evolvis.ai\/en\/cultura-empresarial-e-ia-el-factor-humano-que-decide-si-la-transformacion-funciona\/\" tabindex=\"-1\" ><div class=\"elementor-post__thumbnail\"><img decoding=\"async\" width=\"1999\" height=\"1545\" src=\"https:\/\/evolvis.ai\/wp-content\/uploads\/2026\/03\/IA360-Cultura-destacada.png\" class=\"attachment-full size-full wp-image-2987\" alt=\"\" srcset=\"https:\/\/evolvis.ai\/wp-content\/uploads\/2026\/03\/IA360-Cultura-destacada.png 1999w, https:\/\/evolvis.ai\/wp-content\/uploads\/2026\/03\/IA360-Cultura-destacada-300x232.png 300w, https:\/\/evolvis.ai\/wp-content\/uploads\/2026\/03\/IA360-Cultura-destacada-1024x791.png 1024w, https:\/\/evolvis.ai\/wp-content\/uploads\/2026\/03\/IA360-Cultura-destacada-768x594.png 768w, https:\/\/evolvis.ai\/wp-content\/uploads\/2026\/03\/IA360-Cultura-destacada-1536x1187.png 1536w, https:\/\/evolvis.ai\/wp-content\/uploads\/2026\/03\/IA360-Cultura-destacada-16x12.png 16w\" sizes=\"(max-width: 1999px) 100vw, 1999px\" \/><\/div><\/a>\n\t\t\t\t<div class=\"elementor-post__text\">\n\t\t\t\t<h3 class=\"elementor-post__title\">\n\t\t\t<a href=\"https:\/\/evolvis.ai\/en\/cultura-empresarial-e-ia-el-factor-humano-que-decide-si-la-transformacion-funciona\/\" >\n\t\t\t\tCultura empresarial e IA: el factor humano que decide si la transformaci\u00f3n funciona\t\t\t<\/a>\n\t\t<\/h3>\n\t\t\t\t<div class=\"elementor-post__excerpt\">\n\t\t\t<p>Por qu\u00e9 la transformaci\u00f3n con IA falla m\u00e1s por resistencia cultural que por limitaciones t\u00e9cnicas, y los tres pilares que<\/p>\n\t\t<\/div>\n\t\t\n\t\t<a class=\"elementor-post__read-more\" href=\"https:\/\/evolvis.ai\/en\/cultura-empresarial-e-ia-el-factor-humano-que-decide-si-la-transformacion-funciona\/\" aria-label=\"Read more about Cultura empresarial e IA: el factor humano que decide si la transformaci\u00f3n funciona\" tabindex=\"-1\" >\n\t\t\tRead more \"\t\t<\/a>\n\n\t\t\t\t<\/div>\n\t\t\t\t<div class=\"elementor-post__meta-data\">\n\t\t\t\t\t<span class=\"elementor-post-date\">\n\t\t\tMarch 11, 2026\t\t<\/span>\n\t\t\t\t<span class=\"elementor-post-avatar\">\n\t\t\tNo Comments\t\t<\/span>\n\t\t\t\t<\/div>\n\t\t\t\t\t<\/div>\n\t\t<\/article>\n\t\t\t\t<article class=\"elementor-post elementor-grid-item post-2958 post type-post status-publish format-standard has-post-thumbnail hentry category-blog\" role=\"listitem\">\n\t\t\t<div class=\"elementor-post__card\">\n\t\t\t\t<a class=\"elementor-post__thumbnail__link\" href=\"https:\/\/evolvis.ai\/en\/medir-productividad-con-ia-mas-alla-de-las-metricas-tradicionales\/\" tabindex=\"-1\" ><div class=\"elementor-post__thumbnail\"><img loading=\"lazy\" decoding=\"async\" width=\"1376\" height=\"768\" src=\"https:\/\/evolvis.ai\/wp-content\/uploads\/2025\/11\/IA360-Productividad-Destacada.png\" class=\"attachment-full size-full wp-image-2969\" alt=\"\" srcset=\"https:\/\/evolvis.ai\/wp-content\/uploads\/2025\/11\/IA360-Productividad-Destacada.png 1376w, https:\/\/evolvis.ai\/wp-content\/uploads\/2025\/11\/IA360-Productividad-Destacada-300x167.png 300w, https:\/\/evolvis.ai\/wp-content\/uploads\/2025\/11\/IA360-Productividad-Destacada-1024x572.png 1024w, https:\/\/evolvis.ai\/wp-content\/uploads\/2025\/11\/IA360-Productividad-Destacada-768x429.png 768w, https:\/\/evolvis.ai\/wp-content\/uploads\/2025\/11\/IA360-Productividad-Destacada-18x10.png 18w\" sizes=\"(max-width: 1376px) 100vw, 1376px\" \/><\/div><\/a>\n\t\t\t\t<div class=\"elementor-post__text\">\n\t\t\t\t<h3 class=\"elementor-post__title\">\n\t\t\t<a href=\"https:\/\/evolvis.ai\/en\/medir-productividad-con-ia-mas-alla-de-las-metricas-tradicionales\/\" >\n\t\t\t\tMedir productividad con IA: m\u00e1s all\u00e1 de las m\u00e9tricas tradicionales\t\t\t<\/a>\n\t\t<\/h3>\n\t\t\t\t<div class=\"elementor-post__excerpt\">\n\t\t\t<p>M\u00e1s all\u00e1 de las m\u00e9tricas tradicionales Serie IA 360\u00b0 \u00b7 Parte 3: Productividad Eran las 7:15 de la ma\u00f1ana cuando<\/p>\n\t\t<\/div>\n\t\t\n\t\t<a class=\"elementor-post__read-more\" href=\"https:\/\/evolvis.ai\/en\/medir-productividad-con-ia-mas-alla-de-las-metricas-tradicionales\/\" aria-label=\"Read more about Medir productividad con IA: m\u00e1s all\u00e1 de las m\u00e9tricas tradicionales\" tabindex=\"-1\" >\n\t\t\tRead more \"\t\t<\/a>\n\n\t\t\t\t<\/div>\n\t\t\t\t<div class=\"elementor-post__meta-data\">\n\t\t\t\t\t<span class=\"elementor-post-date\">\n\t\t\tNovember 20, 2025\t\t<\/span>\n\t\t\t\t<span class=\"elementor-post-avatar\">\n\t\t\tNo Comments\t\t<\/span>\n\t\t\t\t<\/div>\n\t\t\t\t\t<\/div>\n\t\t<\/article>\n\t\t\t\t<article class=\"elementor-post elementor-grid-item post-2907 post type-post status-publish format-standard has-post-thumbnail hentry category-blog\" role=\"listitem\">\n\t\t\t<div class=\"elementor-post__card\">\n\t\t\t\t<a class=\"elementor-post__thumbnail__link\" href=\"https:\/\/evolvis.ai\/en\/ia-como-copiloto-transformar-temor-en-empoderamiento\/\" tabindex=\"-1\" ><div class=\"elementor-post__thumbnail\"><img loading=\"lazy\" decoding=\"async\" width=\"1650\" height=\"1275\" src=\"https:\/\/evolvis.ai\/wp-content\/uploads\/2025\/11\/Aumento-no-reemplazo.png\" class=\"attachment-full size-full wp-image-2911\" alt=\"\" srcset=\"https:\/\/evolvis.ai\/wp-content\/uploads\/2025\/11\/Aumento-no-reemplazo.png 1650w, https:\/\/evolvis.ai\/wp-content\/uploads\/2025\/11\/Aumento-no-reemplazo-300x232.png 300w, https:\/\/evolvis.ai\/wp-content\/uploads\/2025\/11\/Aumento-no-reemplazo-1024x791.png 1024w, https:\/\/evolvis.ai\/wp-content\/uploads\/2025\/11\/Aumento-no-reemplazo-768x593.png 768w, https:\/\/evolvis.ai\/wp-content\/uploads\/2025\/11\/Aumento-no-reemplazo-1536x1187.png 1536w, https:\/\/evolvis.ai\/wp-content\/uploads\/2025\/11\/Aumento-no-reemplazo-16x12.png 16w\" sizes=\"(max-width: 1650px) 100vw, 1650px\" \/><\/div><\/a>\n\t\t\t\t<div class=\"elementor-post__text\">\n\t\t\t\t<h3 class=\"elementor-post__title\">\n\t\t\t<a href=\"https:\/\/evolvis.ai\/en\/ia-como-copiloto-transformar-temor-en-empoderamiento\/\" >\n\t\t\t\tIA como copiloto: transformar temor en empoderamiento\t\t\t<\/a>\n\t\t<\/h3>\n\t\t\t\t<div class=\"elementor-post__excerpt\">\n\t\t\t<p>C\u00f3mo dise\u00f1ar IA que aumenta capacidades en lugar de sustituirlas Serie IA 360\u00b0 \u00b7 Parte 2: Aumento Eran las 11:23<\/p>\n\t\t<\/div>\n\t\t\n\t\t<a class=\"elementor-post__read-more\" href=\"https:\/\/evolvis.ai\/en\/ia-como-copiloto-transformar-temor-en-empoderamiento\/\" aria-label=\"Read more about IA como copiloto: transformar temor en empoderamiento\" tabindex=\"-1\" >\n\t\t\tRead more \"\t\t<\/a>\n\n\t\t\t\t<\/div>\n\t\t\t\t<div class=\"elementor-post__meta-data\">\n\t\t\t\t\t<span class=\"elementor-post-date\">\n\t\t\tNovember 13, 2025\t\t<\/span>\n\t\t\t\t<span class=\"elementor-post-avatar\">\n\t\t\tNo Comments\t\t<\/span>\n\t\t\t\t<\/div>\n\t\t\t\t\t<\/div>\n\t\t<\/article>\n\t\t\t\t<article class=\"elementor-post elementor-grid-item post-2868 post type-post status-publish format-standard has-post-thumbnail hentry category-blog\" role=\"listitem\">\n\t\t\t<div class=\"elementor-post__card\">\n\t\t\t\t<a class=\"elementor-post__thumbnail__link\" href=\"https:\/\/evolvis.ai\/en\/arquitectura-de-ia-empresarial-mas-alla-del-algoritmo\/\" tabindex=\"-1\" ><div class=\"elementor-post__thumbnail\"><img loading=\"lazy\" decoding=\"async\" width=\"2000\" height=\"1429\" src=\"https:\/\/evolvis.ai\/wp-content\/uploads\/2025\/10\/IA-360-Tecnologia-predeterminada.png\" class=\"attachment-full size-full wp-image-2875\" alt=\"\" srcset=\"https:\/\/evolvis.ai\/wp-content\/uploads\/2025\/10\/IA-360-Tecnologia-predeterminada.png 2000w, https:\/\/evolvis.ai\/wp-content\/uploads\/2025\/10\/IA-360-Tecnologia-predeterminada-300x214.png 300w, https:\/\/evolvis.ai\/wp-content\/uploads\/2025\/10\/IA-360-Tecnologia-predeterminada-1024x732.png 1024w, https:\/\/evolvis.ai\/wp-content\/uploads\/2025\/10\/IA-360-Tecnologia-predeterminada-768x549.png 768w, https:\/\/evolvis.ai\/wp-content\/uploads\/2025\/10\/IA-360-Tecnologia-predeterminada-1536x1097.png 1536w, https:\/\/evolvis.ai\/wp-content\/uploads\/2025\/10\/IA-360-Tecnologia-predeterminada-18x12.png 18w\" sizes=\"(max-width: 2000px) 100vw, 2000px\" \/><\/div><\/a>\n\t\t\t\t<div class=\"elementor-post__text\">\n\t\t\t\t<h3 class=\"elementor-post__title\">\n\t\t\t<a href=\"https:\/\/evolvis.ai\/en\/arquitectura-de-ia-empresarial-mas-alla-del-algoritmo\/\" >\n\t\t\t\tArquitectura de IA empresarial: m\u00e1s all\u00e1 del algoritmo\t\t\t<\/a>\n\t\t<\/h3>\n\t\t\t\t<div class=\"elementor-post__excerpt\">\n\t\t\t<p>Por qu\u00e9 la tecnolog\u00eda detr\u00e1s de la IA es un ecosistema, no una herramienta \u00fanica Serie IA 360\u00b0 \u00b7 Parte<\/p>\n\t\t<\/div>\n\t\t\n\t\t<a class=\"elementor-post__read-more\" href=\"https:\/\/evolvis.ai\/en\/arquitectura-de-ia-empresarial-mas-alla-del-algoritmo\/\" aria-label=\"Read more about Arquitectura de IA empresarial: m\u00e1s all\u00e1 del algoritmo\" tabindex=\"-1\" >\n\t\t\tRead more \"\t\t<\/a>\n\n\t\t\t\t<\/div>\n\t\t\t\t<div class=\"elementor-post__meta-data\">\n\t\t\t\t\t<span class=\"elementor-post-date\">\n\t\t\tOctober 29, 2025\t\t<\/span>\n\t\t\t\t<span class=\"elementor-post-avatar\">\n\t\t\tNo Comments\t\t<\/span>\n\t\t\t\t<\/div>\n\t\t\t\t\t<\/div>\n\t\t<\/article>\n\t\t\t\t<article class=\"elementor-post elementor-grid-item post-2853 post type-post status-publish format-standard has-post-thumbnail hentry category-blog\" role=\"listitem\">\n\t\t\t<div class=\"elementor-post__card\">\n\t\t\t\t<a class=\"elementor-post__thumbnail__link\" href=\"https:\/\/evolvis.ai\/en\/ia-360-la-hoja-de-ruta-completa-para-la-transformacion-empresarial-inteligente\/\" tabindex=\"-1\" ><div class=\"elementor-post__thumbnail\"><img loading=\"lazy\" decoding=\"async\" width=\"2000\" height=\"1429\" src=\"https:\/\/evolvis.ai\/wp-content\/uploads\/2025\/10\/IA-360-destacada-1.png\" class=\"attachment-full size-full wp-image-2866\" alt=\"\" srcset=\"https:\/\/evolvis.ai\/wp-content\/uploads\/2025\/10\/IA-360-destacada-1.png 2000w, https:\/\/evolvis.ai\/wp-content\/uploads\/2025\/10\/IA-360-destacada-1-300x214.png 300w, https:\/\/evolvis.ai\/wp-content\/uploads\/2025\/10\/IA-360-destacada-1-1024x732.png 1024w, https:\/\/evolvis.ai\/wp-content\/uploads\/2025\/10\/IA-360-destacada-1-768x549.png 768w, https:\/\/evolvis.ai\/wp-content\/uploads\/2025\/10\/IA-360-destacada-1-1536x1097.png 1536w, https:\/\/evolvis.ai\/wp-content\/uploads\/2025\/10\/IA-360-destacada-1-18x12.png 18w\" sizes=\"(max-width: 2000px) 100vw, 2000px\" \/><\/div><\/a>\n\t\t\t\t<div class=\"elementor-post__text\">\n\t\t\t\t<h3 class=\"elementor-post__title\">\n\t\t\t<a href=\"https:\/\/evolvis.ai\/en\/ia-360-la-hoja-de-ruta-completa-para-la-transformacion-empresarial-inteligente\/\" >\n\t\t\t\tIA 360: la hoja de ruta completa para la transformaci\u00f3n empresarial inteligente\t\t\t<\/a>\n\t\t<\/h3>\n\t\t\t\t<div class=\"elementor-post__excerpt\">\n\t\t\t<p>Un marco integral que democratiza el acceso a la IA sin requerir inversiones millonarias Serie IA 360\u00b0 \u00b7 Introducci\u00f3n Mientras<\/p>\n\t\t<\/div>\n\t\t\n\t\t<a class=\"elementor-post__read-more\" href=\"https:\/\/evolvis.ai\/en\/ia-360-la-hoja-de-ruta-completa-para-la-transformacion-empresarial-inteligente\/\" aria-label=\"Read more about IA 360: la hoja de ruta completa para la transformaci\u00f3n empresarial inteligente\" tabindex=\"-1\" >\n\t\t\tRead more \"\t\t<\/a>\n\n\t\t\t\t<\/div>\n\t\t\t\t<div class=\"elementor-post__meta-data\">\n\t\t\t\t\t<span class=\"elementor-post-date\">\n\t\t\tOctober 22, 2025\t\t<\/span>\n\t\t\t\t<span class=\"elementor-post-avatar\">\n\t\t\tNo Comments\t\t<\/span>\n\t\t\t\t<\/div>\n\t\t\t\t\t<\/div>\n\t\t<\/article>\n\t\t\t\t<article class=\"elementor-post elementor-grid-item post-2846 post type-post status-publish format-standard has-post-thumbnail hentry category-blog\" role=\"listitem\">\n\t\t\t<div class=\"elementor-post__card\">\n\t\t\t\t<a class=\"elementor-post__thumbnail__link\" href=\"https:\/\/evolvis.ai\/en\/cuando-los-centros-de-control-se-convierten-en-decorado-corporativo\/\" tabindex=\"-1\" ><div class=\"elementor-post__thumbnail\"><img loading=\"lazy\" decoding=\"async\" width=\"1650\" height=\"1275\" src=\"https:\/\/evolvis.ai\/wp-content\/uploads\/2025\/10\/Centro-de-control-vacio.png\" class=\"attachment-full size-full wp-image-2847\" alt=\"\" srcset=\"https:\/\/evolvis.ai\/wp-content\/uploads\/2025\/10\/Centro-de-control-vacio.png 1650w, https:\/\/evolvis.ai\/wp-content\/uploads\/2025\/10\/Centro-de-control-vacio-300x232.png 300w, https:\/\/evolvis.ai\/wp-content\/uploads\/2025\/10\/Centro-de-control-vacio-1024x791.png 1024w, https:\/\/evolvis.ai\/wp-content\/uploads\/2025\/10\/Centro-de-control-vacio-768x593.png 768w, https:\/\/evolvis.ai\/wp-content\/uploads\/2025\/10\/Centro-de-control-vacio-1536x1187.png 1536w, https:\/\/evolvis.ai\/wp-content\/uploads\/2025\/10\/Centro-de-control-vacio-16x12.png 16w\" sizes=\"(max-width: 1650px) 100vw, 1650px\" \/><\/div><\/a>\n\t\t\t\t<div class=\"elementor-post__text\">\n\t\t\t\t<h3 class=\"elementor-post__title\">\n\t\t\t<a href=\"https:\/\/evolvis.ai\/en\/cuando-los-centros-de-control-se-convierten-en-decorado-corporativo\/\" >\n\t\t\t\tCuando los centros de control se convierten en decorado corporativo\t\t\t<\/a>\n\t\t<\/h3>\n\t\t\t\t<div class=\"elementor-post__excerpt\">\n\t\t\t<p>En un reciente foro sobre transformaci\u00f3n digital, el Director de Operaciones de una empresa log\u00edstica comparti\u00f3 una confesi\u00f3n inc\u00f3moda: su<\/p>\n\t\t<\/div>\n\t\t\n\t\t<a class=\"elementor-post__read-more\" href=\"https:\/\/evolvis.ai\/en\/cuando-los-centros-de-control-se-convierten-en-decorado-corporativo\/\" aria-label=\"Read more about Cuando los centros de control se convierten en decorado corporativo\" tabindex=\"-1\" >\n\t\t\tRead more \"\t\t<\/a>\n\n\t\t\t\t<\/div>\n\t\t\t\t<div class=\"elementor-post__meta-data\">\n\t\t\t\t\t<span class=\"elementor-post-date\">\n\t\t\tOctober 15, 2025\t\t<\/span>\n\t\t\t\t<span class=\"elementor-post-avatar\">\n\t\t\tNo Comments\t\t<\/span>\n\t\t\t\t<\/div>\n\t\t\t\t\t<\/div>\n\t\t<\/article>\n\t\t\t\t<\/div>\n\t\t\n\t\t\t\t\t\t<\/div>\n\t\t\t\t<\/div>\n\t\t\t\t\t<\/div>\n\t\t\t\t<\/div>\n\t\t\t\t<\/div>","protected":false},"excerpt":{"rendered":"<p>Blog Conoc\u00e9 todas las novedades Descubre c\u00f3mo Evie puede transformar tus decisiones<\/p>","protected":false},"author":1,"featured_media":0,"parent":0,"menu_order":0,"comment_status":"closed","ping_status":"closed","template":"elementor_header_footer","meta":{"footnotes":""},"class_list":["post-2058","page","type-page","status-publish","hentry"],"_links":{"self":[{"href":"https:\/\/evolvis.ai\/en\/wp-json\/wp\/v2\/pages\/2058","targetHints":{"allow":["GET"]}}],"collection":[{"href":"https:\/\/evolvis.ai\/en\/wp-json\/wp\/v2\/pages"}],"about":[{"href":"https:\/\/evolvis.ai\/en\/wp-json\/wp\/v2\/types\/page"}],"author":[{"embeddable":true,"href":"https:\/\/evolvis.ai\/en\/wp-json\/wp\/v2\/users\/1"}],"replies":[{"embeddable":true,"href":"https:\/\/evolvis.ai\/en\/wp-json\/wp\/v2\/comments?post=2058"}],"version-history":[{"count":4,"href":"https:\/\/evolvis.ai\/en\/wp-json\/wp\/v2\/pages\/2058\/revisions"}],"predecessor-version":[{"id":2062,"href":"https:\/\/evolvis.ai\/en\/wp-json\/wp\/v2\/pages\/2058\/revisions\/2062"}],"wp:attachment":[{"href":"https:\/\/evolvis.ai\/en\/wp-json\/wp\/v2\/media?parent=2058"}],"curies":[{"name":"wp","href":"https:\/\/api.w.org\/{rel}","templated":true}]}}