{"id":2020,"date":"2025-08-22T18:28:59","date_gmt":"2025-08-22T18:28:59","guid":{"rendered":"https:\/\/seonet.codeyuzu.com\/evolvis\/?page_id=2020"},"modified":"2025-08-22T18:29:45","modified_gmt":"2025-08-22T18:29:45","slug":"politica-de-privacidad-de-datos","status":"publish","type":"page","link":"https:\/\/evolvis.ai\/en\/politica-de-privacidad-de-datos\/","title":{"rendered":"Data Privacy Policy"},"content":{"rendered":"<div data-elementor-type=\"wp-page\" data-elementor-id=\"2020\" class=\"elementor elementor-2020\" data-elementor-post-type=\"page\">\n\t\t\t\t<div class=\"elementor-element elementor-element-3f19f52 e-flex e-con-boxed wpr-particle-no wpr-jarallax-no wpr-parallax-no wpr-sticky-section-no e-con e-parent\" data-id=\"3f19f52\" data-element_type=\"container\" data-settings=\"{&quot;background_background&quot;:&quot;classic&quot;}\">\n\t\t\t\t\t<div class=\"e-con-inner\">\n\t\t\t\t<div class=\"elementor-element elementor-element-f14b226 elementor-widget elementor-widget-text-editor\" data-id=\"f14b226\" data-element_type=\"widget\" data-widget_type=\"text-editor.default\">\n\t\t\t\t<div class=\"elementor-widget-container\">\n\t\t\t\t\t\t\t\t\t<h1 class=\"wp-block-heading\"><strong>Data Privacy Policy<\/strong><\/h1><p>1. Introduction<\/p><p>Welcome to Evolvis AI. This Data Privacy Policy explains how we collect, use, disclose and protect your information when you visit our website and use our services. Please read this policy carefully to understand our practices regarding your personal data and how we will treat it.<\/p><p>2. Information we collect<\/p><p>We may collect the following types of information when you visit our website or use our services:<\/p><ul><li>Personally identifiable information: name, email address, phone number, etc.<\/li><li>Non-personally identifiable information: browser type, language preference, referring site, etc.<\/li><li>Cookies and tracking technologies: for more information, please see our Cookie Policy.<\/li><\/ul><ol start=\"3\"><li>How we use your information<\/li><\/ol><div>\u00a0<\/div><p>We may use the information we collect for the following purposes:<\/p><ul><li>Personalize the user experience<\/li><li>Improve our website<\/li><li>Process transactions<\/li><li>Send periodic e-mails (if applicable)<\/li><\/ul><ol start=\"4\"><li>How we protect your information<\/li><\/ol><div>\u00a0<\/div><p>We adopt appropriate data collection, storage and processing practices and security measures to protect against unauthorized access, alteration, disclosure or destruction of your personal information, username, password, transaction information and data stored on our website.<\/p><ol start=\"5\"><li>Sharing your personal information<\/li><\/ol><p>We do not sell, trade or rent users' personally identifiable information to third parties. We may share generic aggregated demographic information not linked to any personal identification information regarding visitors and users with our business partners, trusted affiliates and advertisers for the purposes outlined above.<\/p><ol start=\"6\"><li>Your rights in relation to your personal information<\/li><\/ol><div>\u00a0<\/div><ul><li>Right of access: You have the right to access the personal information we hold about you.<\/li><li>Right of rectification: you have the right to request that we correct any inaccuracies in your personal information.<\/li><li>Right of deletion: You have the right to request that we remove your personal information in certain circumstances.<\/li><li>Right to restrict processing: You have the right to request that we restrict the processing of your personal information in certain circumstances.<\/li><li>Right to data portability: you have the right to receive your personal information in a structured, commonly used, machine-readable format and to transmit that information to another controller.<\/li><\/ul><div>\u00a0<\/div><ol start=\"7\"><li>Changes to this Privacy Policy<\/li><\/ol><p>We may update this Data Privacy Policy from time to time to reflect, for example, changes in our practices or for other operational, legal or regulatory reasons.<\/p><ol start=\"8\"><li>Contact us at<\/li><\/ol><p>If you have any questions about this Data Privacy Policy, the practices of this site or your dealings with this site, please contact us at info@evolvis.ai.<\/p>\t\t\t\t\t\t\t\t<\/div>\n\t\t\t\t<\/div>\n\t\t\t\t\t<\/div>\n\t\t\t\t<\/div>\n\t\t\t\t<\/div>","protected":false},"excerpt":{"rendered":"<p>Pol\u00edtica de Privacidad de Datos 1. Introducci\u00f3n Bienvenido a Evolvis AI. Esta Pol\u00edtica de Privacidad de Datos explica c\u00f3mo recopilamos, utilizamos, divulgamos y protegemos su informaci\u00f3n cuando visita nuestro sitio web y utiliza nuestros servicios. Lea esta pol\u00edtica detenidamente para entender nuestras pr\u00e1cticas con respecto a sus datos personales y c\u00f3mo los trataremos. 2. Informaci\u00f3n que recopilamos Podemos recopilar los siguientes tipos de informaci\u00f3n cuando visita nuestro sitio web o utiliza nuestros servicios: Informaci\u00f3n de identificaci\u00f3n personal: nombre, direcci\u00f3n de correo electr\u00f3nico, n\u00famero de tel\u00e9fono, etc. Informaci\u00f3n de identificaci\u00f3n no personal: tipo de navegador, preferencia de idioma, sitio de referencia, etc. Cookies y tecnolog\u00edas de seguimiento: para m\u00e1s informaci\u00f3n, consulte nuestra Pol\u00edtica de Cookies. C\u00f3mo utilizamos su informaci\u00f3n \u00a0 Podemos utilizar la informaci\u00f3n que recopilamos para los siguientes prop\u00f3sitos: Personalizar la experiencia del usuario Mejorar nuestro sitio web Procesar transacciones Enviar correos electr\u00f3nicos peri\u00f3dicos (si corresponde) C\u00f3mo protegemos su informaci\u00f3n \u00a0 Adoptamos pr\u00e1cticas adecuadas de recopilaci\u00f3n, almacenamiento y procesamiento de datos y medidas de seguridad para proteger contra el acceso no autorizado, alteraci\u00f3n, divulgaci\u00f3n o destrucci\u00f3n de su informaci\u00f3n personal, nombre de usuario, contrase\u00f1a, informaci\u00f3n de transacciones y datos almacenados en nuestro sitio web. Compartir su informaci\u00f3n personal No vendemos, intercambiamos ni alquilamos informaci\u00f3n de identificaci\u00f3n personal de los usuarios a terceros. Podemos compartir informaci\u00f3n demogr\u00e1fica gen\u00e9rica agregada que no est\u00e9 vinculada a ninguna informaci\u00f3n de identificaci\u00f3n personal sobre visitantes y usuarios con nuestros socios comerciales, afiliados de confianza y anunciantes para los fines mencionados anteriormente. Sus derechos en relaci\u00f3n con su informaci\u00f3n personal \u00a0 Derecho de acceso: tiene derecho a acceder a la informaci\u00f3n personal que tenemos sobre usted. Derecho de rectificaci\u00f3n: tiene derecho a solicitar que corrijamos cualquier inexactitud en su informaci\u00f3n personal. Derecho de supresi\u00f3n: tiene derecho a solicitar que eliminemos su informaci\u00f3n personal en ciertas circunstancias. Derecho de restricci\u00f3n del procesamiento: tiene derecho a solicitar que restrinjamos el procesamiento de su informaci\u00f3n personal en ciertas circunstancias. Derecho a la portabilidad de datos: tiene derecho a recibir su informaci\u00f3n personal en un formato estructurado, de uso com\u00fan y legible por m\u00e1quina, y a transmitir esa informaci\u00f3n a otro controlador. \u00a0 Cambios en esta Pol\u00edtica de Privacidad Podemos actualizar esta Pol\u00edtica de Privacidad de Datos peri\u00f3dicamente para reflejar, por ejemplo, cambios en nuestras pr\u00e1cticas o por otras razones operativas, legales o regulatorias. Cont\u00e1ctenos Si tiene alguna pregunta sobre esta Pol\u00edtica de Privacidad de Datos, las pr\u00e1cticas de este sitio o sus tratos con este sitio, por favor cont\u00e1ctenos en info@evolvis.ai<\/p>","protected":false},"author":1,"featured_media":0,"parent":0,"menu_order":0,"comment_status":"closed","ping_status":"closed","template":"elementor_header_footer","meta":{"footnotes":""},"class_list":["post-2020","page","type-page","status-publish","hentry"],"_links":{"self":[{"href":"https:\/\/evolvis.ai\/en\/wp-json\/wp\/v2\/pages\/2020","targetHints":{"allow":["GET"]}}],"collection":[{"href":"https:\/\/evolvis.ai\/en\/wp-json\/wp\/v2\/pages"}],"about":[{"href":"https:\/\/evolvis.ai\/en\/wp-json\/wp\/v2\/types\/page"}],"author":[{"embeddable":true,"href":"https:\/\/evolvis.ai\/en\/wp-json\/wp\/v2\/users\/1"}],"replies":[{"embeddable":true,"href":"https:\/\/evolvis.ai\/en\/wp-json\/wp\/v2\/comments?post=2020"}],"version-history":[{"count":7,"href":"https:\/\/evolvis.ai\/en\/wp-json\/wp\/v2\/pages\/2020\/revisions"}],"predecessor-version":[{"id":2027,"href":"https:\/\/evolvis.ai\/en\/wp-json\/wp\/v2\/pages\/2020\/revisions\/2027"}],"wp:attachment":[{"href":"https:\/\/evolvis.ai\/en\/wp-json\/wp\/v2\/media?parent=2020"}],"curies":[{"name":"wp","href":"https:\/\/api.w.org\/{rel}","templated":true}]}}